{"id":11113,"date":"2026-01-21T14:27:47","date_gmt":"2026-01-21T14:27:47","guid":{"rendered":"https:\/\/plazam.ro\/?page_id=11113"},"modified":"2026-01-21T14:31:58","modified_gmt":"2026-01-21T14:31:58","slug":"targ-antichitati","status":"publish","type":"page","link":"https:\/\/plazam.ro\/hu\/targ-antichitati\/","title":{"rendered":"ANTIKV\u00c1RIUM"},"content":{"rendered":"<p>[et_pb_section fb_built=&#8221;1&#8243; custom_padding_last_edited=&#8221;on|desktop&#8221; _builder_version=&#8221;4.21.0&#8243; _module_preset=&#8221;default&#8221; custom_margin=&#8221;-28px||||false|false&#8221; custom_margin_tablet=&#8221;-28px||||false|false&#8221; custom_margin_phone=&#8221;-30px||||false|false&#8221; custom_margin_last_edited=&#8221;on|desktop&#8221; custom_padding=&#8221;0px||||false|false&#8221; custom_padding_tablet=&#8221;0px||||false|false&#8221; custom_padding_phone=&#8221;0px||||false|false&#8221; global_colors_info=&#8221;{}&#8221; theme_builder_area=&#8221;post_content&#8221;][et_pb_row _builder_version=&#8221;4.21.0&#8243; _module_preset=&#8221;default&#8221; global_colors_info=&#8221;{}&#8221; theme_builder_area=&#8221;post_content&#8221;][et_pb_column type=&#8221;4_4&#8243; _builder_version=&#8221;4.21.0&#8243; _module_preset=&#8221;default&#8221; global_colors_info=&#8221;{}&#8221; theme_builder_area=&#8221;post_content&#8221;][revslider_divi revslider_divi=&#8221;%91rev_slider alias=%22kendama-1%22 slidertitle=%22Targ antichitati%22%93%91\/rev_slider%93&#8243; _builder_version=&#8221;4.27.4&#8243; _module_preset=&#8221;default&#8221; hover_enabled=&#8221;0&#8243; global_colors_info=&#8221;{}&#8221; theme_builder_area=&#8221;post_content&#8221; sticky_enabled=&#8221;0&#8243;][\/revslider_divi][\/et_pb_column][\/et_pb_row][\/et_pb_section][et_pb_section fb_built=&#8221;1&#8243; custom_padding_last_edited=&#8221;on|desktop&#8221; _builder_version=&#8221;4.27.4&#8243; _module_preset=&#8221;default&#8221; background_color=&#8221;RGBA(255,255,255,0)&#8221; use_background_color_gradient=&#8221;on&#8221; background_color_gradient_direction=&#8221;0deg&#8221; background_color_gradient_stops=&#8221;#0e6363 0%|#526464 53%&#8221; background_enable_image=&#8221;off&#8221; background_size=&#8221;stretch&#8221; z_index=&#8221;29&#8243; custom_margin=&#8221;-81px||||false|false&#8221; custom_margin_tablet=&#8221;-80px||||false|false&#8221; custom_margin_phone=&#8221;-85px||||false|false&#8221; custom_margin_last_edited=&#8221;on|tablet&#8221; custom_padding=&#8221;0px||9px||false|false&#8221; custom_padding_tablet=&#8221;0px||9px||false|false&#8221; custom_padding_phone=&#8221;0px||9px||false|false&#8221; top_divider_style=&#8221;wave2&#8243; top_divider_color=&#8221;rgba(224,157,0,0)&#8221; top_divider_height=&#8221;60px&#8221; top_divider_flip=&#8221;horizontal&#8221; bottom_divider_style=&#8221;ramp2&#8243; bottom_divider_color=&#8221;RGBA(255,255,255,0)&#8221; bottom_divider_height=&#8221;37px&#8221; bottom_divider_repeat=&#8221;1x&#8221; hover_enabled=&#8221;0&#8243; background_last_edited=&#8221;off|desktop&#8221; background_color_gradient_end_position_phone=&#8221;0%&#8221; background_enable_image_phone=&#8221;off&#8221; parallax_tablet=&#8221;on&#8221; global_colors_info=&#8221;{}&#8221; background__hover_enabled=&#8221;off|desktop&#8221; theme_builder_area=&#8221;post_content&#8221; sticky_enabled=&#8221;0&#8243;][et_pb_row _builder_version=&#8221;4.27.4&#8243; _module_preset=&#8221;default&#8221; global_colors_info=&#8221;{}&#8221; theme_builder_area=&#8221;post_content&#8221;][et_pb_column type=&#8221;4_4&#8243; _builder_version=&#8221;4.27.4&#8243; _module_preset=&#8221;default&#8221; global_colors_info=&#8221;{}&#8221; theme_builder_area=&#8221;post_content&#8221;][dipl_double_color_heading heading_pre_part=&#8221;T\u00c2RG DE ANTICHIT\u0102\u021aI&#8221; heading_main_part=&#8221;23 \u2013 25 ianuarie 2026&#8243; heading_post_part=&#8221;10:00 \u2013 22:00&#8243; display_in_stack=&#8221;on&#8221; module_id=&#8221;paste&#8221; _builder_version=&#8221;4.27.4&#8243; _module_preset=&#8221;default&#8221; global_heading_settings_level=&#8221;h1&#8243; global_heading_settings_text_align=&#8221;justify&#8221; pre_header_font=&#8221;&#8211;et_global_heading_font|&#8211;et_global_body_font_weight|||||||&#8221; pre_header_text_align=&#8221;center&#8221; pre_header_text_color=&#8221;#FFFFFF&#8221; pre_header_font_size=&#8221;34px&#8221; main_header_font=&#8221;&#8211;et_global_heading_font|800|||||||&#8221; main_header_text_align=&#8221;center&#8221; main_header_text_color=&#8221;#FFFFFF&#8221; main_header_font_size=&#8221;30px&#8221; post_header_text_align=&#8221;center&#8221; post_header_text_color=&#8221;#FFFFFF&#8221; hover_enabled=&#8221;0&#8243; pre_header_font_size_tablet=&#8221;34px&#8221; pre_header_font_size_phone=&#8221;23px&#8221; pre_header_font_size_last_edited=&#8221;on|phone&#8221; main_header_font_size_tablet=&#8221;81px&#8221; main_header_font_size_phone=&#8221;22px&#8221; main_header_font_size_last_edited=&#8221;on|phone&#8221; main_header_letter_spacing_tablet=&#8221;&#8221; main_header_letter_spacing_phone=&#8221;&#8221; main_header_letter_spacing_last_edited=&#8221;on|phone&#8221; global_colors_info=&#8221;{}&#8221; main_header_line_height_tablet=&#8221;1em&#8221; main_header_line_height_phone=&#8221;0.1em&#8221; main_header_line_height_last_edited=&#8221;on|phone&#8221; theme_builder_area=&#8221;post_content&#8221; sticky_enabled=&#8221;0&#8243;][\/dipl_double_color_heading][\/et_pb_column][\/et_pb_row][et_pb_row _builder_version=&#8221;4.27.4&#8243; _module_preset=&#8221;default&#8221; global_colors_info=&#8221;{}&#8221; theme_builder_area=&#8221;post_content&#8221;][et_pb_column type=&#8221;4_4&#8243; _builder_version=&#8221;4.27.4&#8243; _module_preset=&#8221;default&#8221; global_colors_info=&#8221;{}&#8221; theme_builder_area=&#8221;post_content&#8221;][et_pb_text _builder_version=&#8221;4.27.4&#8243; _module_preset=&#8221;default&#8221; text_font=&#8221;&#8211;et_global_heading_font||||||||&#8221; text_text_color=&#8221;#ffffff&#8221; text_font_size=&#8221;20px&#8221; hover_enabled=&#8221;0&#8243; global_colors_info=&#8221;{}&#8221; theme_builder_area=&#8221;post_content&#8221; sticky_enabled=&#8221;0&#8243;]<\/p>\n<p>R\u00e9gis\u00e9gek \u00e9s k\u00e9zzel k\u00e9sz\u00edtett term\u00e9kek v\u00e1s\u00e1ra a Plaza M-en.<br \/>J\u00f6jj\u00f6n el, \u00e9s fedezze fel az egyedi t\u00e1rgyak \u00e9s helyi k\u00e9zm\u0171ves term\u00e9kek v\u00e1ltozatos v\u00e1laszt\u00e9k\u00e1t.<\/p>\n<p>Ki\u00e1ll\u00edt\u00e1sok \u00e9s \u00e9rt\u00e9kes\u00edt\u00e9s:<\/p>\n<ul>\n<li>Vintage k\u00f6nyvek, bakelitlemezek \u00e9s fot\u00f3k;<\/li>\n<li>\u00d3r\u00e1k, \u00e9kszerek, l\u00e1mp\u00e1k \u00e9s bronzt\u00e1rgyak;<\/li>\n<li>Gy\u0171jthet\u0151 j\u00e1t\u00e9kok \u00e9s j\u00e1t\u00e9kaut\u00f3k;<\/li>\n<li>Autentikus rom\u00e1n r\u00e9gis\u00e9gek \u00e9s vintage kieg\u00e9sz\u00edt\u0151k.<\/li>\n<\/ul>\n<p>&nbsp;<\/p>\n<p>Program: 2026. janu\u00e1r 23-25., 10:00 - 22:00<\/p>\n<p>[\/et_pb_text][et_pb_blurb _builder_version=\"4.27.4\u2033 _module_preset=\"default\" global_colours_info=\"{}\" theme_builder_area=\"post_content\"][\/et_pb_blurb][\/et_pb_column][\/et_pb_row][\/et_pb_row][\/et_pb_section][\/et_pb_section][\/et_pb_section]<\/p>","protected":false},"excerpt":{"rendered":"<p><div class=\"et_pb_module revslider_divi revslider_divi_0\">\n\t\t\t\t\n\t\t\t\t\n\t\t\t\t\n\t\t\t\t\n\t\t\t\t\n\t\t\t\t\n\t\t\t\t<div class=\"et_pb_module_inner\">\n\t\t\t\t\t\n\t\t\t<!-- START Targ antichitati REVOLUTION SLIDER 6.6.15 --><p class=\"rs-p-wp-fix\"><\/p>\n\t\t\t<rs-module-wrap id=\"rev_slider_93_1_wrapper\" data-source=\"gallery\" style=\"visibility:hidden;background:transparent;padding:0;margin:0px auto;margin-top:0;margin-bottom:0;\">\n\t\t\t\t<rs-module id=\"rev_slider_93_1\" style=\"\" data-version=\"6.6.15\">\n\t\t\t\t\t<rs-slides style=\"overflow: hidden; position: absolute;\">\n\t\t\t\t\t\t<rs-slide style=\"position: absolute;\" data-key=\"rs-447\" data-title=\"Slide\" data-anim=\"adpr:false;\" data-in=\"o:0;\" data-out=\"a:false;\">\n\t\t\t\t\t\t\t<img decoding=\"async\" src=\"\/\/plazam.ro\/wp-content\/plugins\/revslider\/public\/assets\/assets\/dummy.png\" alt=\"Slide\" class=\"rev-slidebg tp-rs-img rs-lazyload\" data-lazyload=\"\/\/plazam.ro\/wp-content\/plugins\/revslider\/public\/assets\/assets\/transparent.png\" data-no-retina>\n<!--\n\t\t\t\t\t\t\t--><rs-layer\n\t\t\t\t\t\t\t\tid=\"slider-93-slide-447-layer-0\" \n\t\t\t\t\t\t\t\tdata-type=\"image\"\n\t\t\t\t\t\t\t\tdata-rsp_ch=\"on\"\n\t\t\t\t\t\t\t\tdata-xy=\"x:c;xo:0,0,0,1px;y:m;yo:-21px,0,0,0;\"\n\t\t\t\t\t\t\t\tdata-text=\"w:normal;s:20,10,7,4;l:0,13,9,6;\"\n\t\t\t\t\t\t\t\tdata-dim=\"w:2150px,2240px,778px,480px;h:1008px,1675px,365px,854px;\"\n\t\t\t\t\t\t\t\tdata-vbility=\"t,f,f,f\"\n\t\t\t\t\t\t\t\tdata-frame_999=\"o:0;st:w;\"\n\t\t\t\t\t\t\t\tstyle=\"z-index:6;\"\n\t\t\t\t\t\t\t><img decoding=\"async\" src=\"\/\/plazam.ro\/wp-content\/plugins\/revslider\/public\/assets\/assets\/dummy.png\" alt=\"\" class=\"tp-rs-img rs-lazyload\" width=\"1920\" height=\"900\" data-lazyload=\"\/\/plazam.ro\/wp-content\/uploads\/2026\/01\/plazaM-AntiuesFair-1920x900px-260120.jpg\" data-no-retina> \n\t\t\t\t\t\t\t<\/rs-layer><!--\n\n\t\t\t\t\t\t\t--><rs-layer\n\t\t\t\t\t\t\t\tid=\"slider-93-slide-447-layer-1\" \n\t\t\t\t\t\t\t\tdata-type=\"text\"\n\t\t\t\t\t\t\t\tdata-rsp_ch=\"on\"\n\t\t\t\t\t\t\t\tdata-xy=\"x:r,r,c,c;xo:47px,15px,0,-1px;y:t,t,m,m;yo:223px,303px,-282px,-142px;\"\n\t\t\t\t\t\t\t\tdata-text=\"w:normal;s:80,42,35,23;l:88,44,40,30;ls:-2px,-1px,0px,0px;fw:700,600,700,700;a:right,right,center,center;\"\n\t\t\t\t\t\t\t\tdata-frame_0=\"x:0,0,0,0px;y:0,0,0,0px;\"\n\t\t\t\t\t\t\t\tdata-frame_1=\"x:0,0,0,0px;y:0,0,0,0px;\"\n\t\t\t\t\t\t\t\tdata-frame_999=\"o:0;st:w;\"\n\t\t\t\t\t\t\t\tstyle=\"z-index:12;font-family:'Montserrat';text-transform:uppercase;\"\n\t\t\t\t\t\t\t>ANTIKV\u00c1RIUM<br \/>\njanu\u00e1r 23-25 2026 \n\t\t\t\t\t\t\t<\/rs-layer><!--\n\n\t\t\t\t\t\t\t--><rs-layer\n\t\t\t\t\t\t\t\tid=\"slider-93-slide-447-layer-2\" \n\t\t\t\t\t\t\t\tdata-type=\"image\"\n\t\t\t\t\t\t\t\tdata-rsp_ch=\"on\"\n\t\t\t\t\t\t\t\tdata-xy=\"x:l,c,c,c;xo:50px,7px,-3px,0;y:t,m,m,m;yo:50px,-2px,76px,-1px;\"\n\t\t\t\t\t\t\t\tdata-text=\"w:normal;s:20,10,7,4;l:0,13,9,6;\"\n\t\t\t\t\t\t\t\tdata-dim=\"w:300px,1036px,121px,600px;h:224px,774px,90px,974px;\"\n\t\t\t\t\t\t\t\tdata-vbility=\"f,t,f,f\"\n\t\t\t\t\t\t\t\tdata-frame_999=\"o:0;st:w;\"\n\t\t\t\t\t\t\t\tstyle=\"z-index:8;\"\n\t\t\t\t\t\t\t><img decoding=\"async\" src=\"\/\/plazam.ro\/wp-content\/plugins\/revslider\/public\/assets\/assets\/dummy.png\" alt=\"\" class=\"tp-rs-img rs-lazyload\" width=\"1030\" height=\"770\" data-lazyload=\"\/\/plazam.ro\/wp-content\/uploads\/2026\/01\/plazaM-AntiuesFair-1030x770px-260120.jpg\" data-no-retina> \n\t\t\t\t\t\t\t<\/rs-layer><!--\n\n\t\t\t\t\t\t\t--><rs-layer\n\t\t\t\t\t\t\t\tid=\"slider-93-slide-447-layer-3\" \n\t\t\t\t\t\t\t\tclass=\"rev-scroll-btn rev-b-span-light\"\n\t\t\t\t\t\t\t\tdata-type=\"button\"\n\t\t\t\t\t\t\t\tdata-xy=\"x:r,c,c,c;xo:196px,0,0,0;yo:570px,497px,372px,389px;\"\n\t\t\t\t\t\t\t\tdata-text=\"w:normal;s:17,17,17,14;l:20,20,20,16;ls:1;\"\n\t\t\t\t\t\t\t\tdata-dim=\"w:35px,auto,auto,auto;h:55px,55px,55px,44px;minw:35px,none,none,none;minh:55px,none,none,none;\"\n\t\t\t\t\t\t\t\tdata-actions='id:paste;o:click;a:scrollto;sp:1000ms;e:power1.inOut;'\n\t\t\t\t\t\t\t\tdata-rsp_o=\"off\"\n\t\t\t\t\t\t\t\tdata-rsp_bd=\"off\"\n\t\t\t\t\t\t\t\tdata-padding=\"t:22,22,22,18;r:14,14,14,11;b:22,22,22,18;l:14,14,14,11;\"\n\t\t\t\t\t\t\t\tdata-border=\"bos:solid;boc:#ffffff;bow:3px,3px,3px,3px;bor:23px,23px,23px,23px;\"\n\t\t\t\t\t\t\t\tdata-frame_0=\"x:0,0,0,0px;y:0,0,0,0px;\"\n\t\t\t\t\t\t\t\tdata-frame_1=\"x:0,0,0,0px;y:0,0,0,0px;\"\n\t\t\t\t\t\t\t\tdata-frame_999=\"o:0;st:w;\"\n\t\t\t\t\t\t\t\tstyle=\"z-index:14;font-family:'Roboto';text-transform:uppercase;\"\n\t\t\t\t\t\t\t><span><\/span><span><\/span><span><\/span> \n\t\t\t\t\t\t\t<\/rs-layer><!--\n\n\t\t\t\t\t\t\t--><rs-layer\n\t\t\t\t\t\t\t\tid=\"slider-93-slide-447-layer-8\" \n\t\t\t\t\t\t\t\tdata-type=\"text\"\n\t\t\t\t\t\t\t\tdata-rsp_ch=\"on\"\n\t\t\t\t\t\t\t\tdata-xy=\"x:r,r,c,c;xo:48px,14px,2px,0;y:t,t,t,m;yo:492px,427px,297px,-75px;\"\n\t\t\t\t\t\t\t\tdata-text=\"w:normal;s:50,35,37,21;l:45,42,32,27;fw:500,500,600,600;a:right,right,center,center;\"\n\t\t\t\t\t\t\t\tdata-frame_999=\"o:0;st:w;\"\n\t\t\t\t\t\t\t\tstyle=\"z-index:10;font-family:'Montserrat';text-transform:uppercase;\"\n\t\t\t\t\t\t\t>10:00 - 22:00 \n\t\t\t\t\t\t\t<\/rs-layer><!--\n\n\t\t\t\t\t\t\t--><rs-layer\n\t\t\t\t\t\t\t\tid=\"slider-93-slide-447-layer-9\" \n\t\t\t\t\t\t\t\tdata-type=\"image\"\n\t\t\t\t\t\t\t\tdata-rsp_ch=\"on\"\n\t\t\t\t\t\t\t\tdata-xy=\"x:l,l,c,c;xo:50px,26px,0,0;y:t,t,m,m;yo:50px,26px,-3px,-1px;\"\n\t\t\t\t\t\t\t\tdata-text=\"w:normal;s:20,10,7,4;l:0,13,9,6;\"\n\t\t\t\t\t\t\t\tdata-dim=\"w:300px,160px,792px,778px;h:370px,192px,977px,960px;\"\n\t\t\t\t\t\t\t\tdata-vbility=\"f,f,t,f\"\n\t\t\t\t\t\t\t\tdata-frame_999=\"o:0;st:w;\"\n\t\t\t\t\t\t\t\tstyle=\"z-index:9;\"\n\t\t\t\t\t\t\t><img decoding=\"async\" src=\"\/\/plazam.ro\/wp-content\/plugins\/revslider\/public\/assets\/assets\/dummy.png\" alt=\"\" class=\"tp-rs-img rs-lazyload\" width=\"778\" height=\"960\" data-lazyload=\"\/\/plazam.ro\/wp-content\/uploads\/2026\/01\/plazaM-AntiuesFair-778x960px-260120.jpg\" data-no-retina> \n\t\t\t\t\t\t\t<\/rs-layer><!--\n\n\t\t\t\t\t\t\t--><rs-layer\n\t\t\t\t\t\t\t\tid=\"slider-93-slide-447-layer-12\" \n\t\t\t\t\t\t\t\tdata-type=\"image\"\n\t\t\t\t\t\t\t\tdata-rsp_ch=\"on\"\n\t\t\t\t\t\t\t\tdata-xy=\"x:l,l,l,c;xo:50px,26px,-3px,0;y:t,t,t,m;yo:50px,26px,76px,-3px;\"\n\t\t\t\t\t\t\t\tdata-text=\"w:normal;s:20,10,7,4;l:0,13,9,6;\"\n\t\t\t\t\t\t\t\tdata-dim=\"w:300px,160px,121px,486px;h:534px,260px,196px,865px;\"\n\t\t\t\t\t\t\t\tdata-vbility=\"f,f,f,t\"\n\t\t\t\t\t\t\t\tdata-frame_999=\"o:0;st:w;\"\n\t\t\t\t\t\t\t\tstyle=\"z-index:7;\"\n\t\t\t\t\t\t\t><img decoding=\"async\" src=\"\/\/plazam.ro\/wp-content\/plugins\/revslider\/public\/assets\/assets\/dummy.png\" alt=\"\" class=\"tp-rs-img rs-lazyload\" width=\"480\" height=\"854\" data-lazyload=\"\/\/plazam.ro\/wp-content\/uploads\/2026\/01\/plazaM-AntiuesFair-480x854px-260120.jpg\" data-no-retina> \n\t\t\t\t\t\t\t<\/rs-layer><!--\n\n\t\t\t\t\t\t\t--><rs-layer\n\t\t\t\t\t\t\t\tid=\"slider-93-slide-447-layer-14\" \n\t\t\t\t\t\t\t\tdata-type=\"image\"\n\t\t\t\t\t\t\t\tdata-rsp_ch=\"on\"\n\t\t\t\t\t\t\t\tdata-xy=\"x:r,r,c,c;xo:48px,14px,0,0;y:m;yo:0,27px,-217px,-98px;\"\n\t\t\t\t\t\t\t\tdata-text=\"w:normal;s:20,10,7,4;l:0,13,9,6;\"\n\t\t\t\t\t\t\t\tdata-dim=\"h:60px,32px,29px,17px;\"\n\t\t\t\t\t\t\t\tdata-frame_999=\"o:0;st:w;\"\n\t\t\t\t\t\t\t\tstyle=\"z-index:13;\"\n\t\t\t\t\t\t\t><img decoding=\"async\" src=\"\/\/plazam.ro\/wp-content\/plugins\/revslider\/public\/assets\/assets\/dummy.png\" alt=\"\" class=\"tp-rs-img rs-lazyload\" width=\"741\" height=\"48\" data-lazyload=\"\/\/plazam.ro\/wp-content\/uploads\/revslider\/home-slider-11\/1-Vonal.png\" data-no-retina> \n\t\t\t\t\t\t\t<\/rs-layer><!--\n-->\t\t\t\t\t\t<\/rs-slide>\n\t\t\t\t\t<\/rs-slides>\n\t\t\t\t<\/rs-module>\n\t\t\t\t<script>\n\t\t\t\t\tsetREVStartSize({c: 'rev_slider_93_1',rl:[1240,1024,778,480],el:[900,768,960,854],gw:[1920,1024,778,480],gh:[900,768,960,854],type:'standard',justify:'',layout:'fullwidth',mh:\"0\"});if (window.RS_MODULES!==undefined && window.RS_MODULES.modules!==undefined && window.RS_MODULES.modules[\"revslider931\"]!==undefined) {window.RS_MODULES.modules[\"revslider931\"].once = false;window.revapi93 = undefined;if (window.RS_MODULES.checkMinimal!==undefined) window.RS_MODULES.checkMinimal()}\n\t\t\t\t<\/script>\n\t\t\t<\/rs-module-wrap>\n\t\t\t<!-- END REVOLUTION SLIDER -->\n\n\t\t\t\t<\/div>\n\t\t\t<\/div><div id=\"paste\" class=\"et_pb_module dipl_double_color_heading dipl_double_color_heading_0\">\n\t\t\t\t\n\t\t\t\t\n\t\t\t\t\n\t\t\t\t\n\t\t\t\t\n\t\t\t\t\n\t\t\t\t<div class=\"et_pb_module_inner\">\n\t\t\t\t\t<div class=\"dipl_text_wrapper\"><h1><span class=\"dipl_text_stack dipl_pre_text_stack\"><span class=\"dipl_pre_text\">ANTIKV\u00c1RIUM<\/span><\/span><span class=\"dipl_text_stack dipl_main_text_stack\"><span class=\"dipl_main_text\">janu\u00e1r 23-25 2026<\/span><\/span><span class=\"dipl_text_stack dipl_post_text_stack\"><span class=\"dipl_post_text\">10:00 - 22:00<\/span><\/span><\/h1><\/div>\n\t\t\t\t<\/div>\n\t\t\t<\/div>T\u00e2rg de [&hellip;]<\/p>","protected":false},"author":7,"featured_media":0,"parent":0,"menu_order":0,"comment_status":"closed","ping_status":"closed","template":"","meta":{"_et_pb_use_builder":"on","_et_pb_old_content":"","_et_gb_content_width":"","footnotes":""},"class_list":["post-11113","page","type-page","status-publish","hentry"],"_links":{"self":[{"href":"https:\/\/plazam.ro\/hu\/wp-json\/wp\/v2\/pages\/11113","targetHints":{"allow":["GET"]}}],"collection":[{"href":"https:\/\/plazam.ro\/hu\/wp-json\/wp\/v2\/pages"}],"about":[{"href":"https:\/\/plazam.ro\/hu\/wp-json\/wp\/v2\/types\/page"}],"author":[{"embeddable":true,"href":"https:\/\/plazam.ro\/hu\/wp-json\/wp\/v2\/users\/7"}],"replies":[{"embeddable":true,"href":"https:\/\/plazam.ro\/hu\/wp-json\/wp\/v2\/comments?post=11113"}],"version-history":[{"count":3,"href":"https:\/\/plazam.ro\/hu\/wp-json\/wp\/v2\/pages\/11113\/revisions"}],"predecessor-version":[{"id":11120,"href":"https:\/\/plazam.ro\/hu\/wp-json\/wp\/v2\/pages\/11113\/revisions\/11120"}],"wp:attachment":[{"href":"https:\/\/plazam.ro\/hu\/wp-json\/wp\/v2\/media?parent=11113"}],"curies":[{"name":"wp","href":"https:\/\/api.w.org\/{rel}","templated":true}]}}