{"id":11125,"date":"2026-02-03T20:30:49","date_gmt":"2026-02-03T20:30:49","guid":{"rendered":"https:\/\/plazam.ro\/?page_id=11125"},"modified":"2026-02-14T13:05:17","modified_gmt":"2026-02-14T13:05:17","slug":"valentines-day","status":"publish","type":"page","link":"https:\/\/plazam.ro\/hu\/valentines-day\/","title":{"rendered":"Valentin-nap"},"content":{"rendered":"<p>[et_pb_section fb_built=&#8221;1&#8243; custom_padding_last_edited=&#8221;on|desktop&#8221; _builder_version=&#8221;4.21.0&#8243; _module_preset=&#8221;default&#8221; custom_margin=&#8221;-28px||||false|false&#8221; custom_margin_tablet=&#8221;-28px||||false|false&#8221; custom_margin_phone=&#8221;-30px||||false|false&#8221; custom_margin_last_edited=&#8221;on|desktop&#8221; custom_padding=&#8221;0px||||false|false&#8221; custom_padding_tablet=&#8221;0px||||false|false&#8221; custom_padding_phone=&#8221;0px||||false|false&#8221; global_colors_info=&#8221;{}&#8221;][et_pb_row _builder_version=&#8221;4.21.0&#8243; _module_preset=&#8221;default&#8221; global_colors_info=&#8221;{}&#8221;][et_pb_column type=&#8221;4_4&#8243; _builder_version=&#8221;4.21.0&#8243; _module_preset=&#8221;default&#8221; global_colors_info=&#8221;{}&#8221;][revslider_divi revslider_divi=&#8221;%91rev_slider alias=%22targ-antichitati-1%22 slidertitle=%22Valentines day%22%93%91\/rev_slider%93&#8243; _builder_version=&#8221;4.27.4&#8243; _module_preset=&#8221;default&#8221; global_colors_info=&#8221;{}&#8221;][\/revslider_divi][\/et_pb_column][\/et_pb_row][\/et_pb_section][et_pb_section fb_built=&#8221;1&#8243; custom_padding_last_edited=&#8221;on|desktop&#8221; _builder_version=&#8221;4.27.4&#8243; _module_preset=&#8221;default&#8221; background_color=&#8221;RGBA(255,255,255,0)&#8221; use_background_color_gradient=&#8221;on&#8221; background_color_gradient_direction=&#8221;90deg&#8221; background_color_gradient_stops=&#8221;#ffaec1 0%|#cc3d51 82%&#8221; background_enable_image=&#8221;off&#8221; background_size=&#8221;stretch&#8221; z_index=&#8221;29&#8243; custom_margin=&#8221;-81px||||false|false&#8221; custom_margin_tablet=&#8221;-80px||||false|false&#8221; custom_margin_phone=&#8221;-85px||||false|false&#8221; custom_margin_last_edited=&#8221;on|tablet&#8221; custom_padding=&#8221;0px||9px||false|false&#8221; custom_padding_tablet=&#8221;0px||9px||false|false&#8221; custom_padding_phone=&#8221;0px||9px||false|false&#8221; top_divider_style=&#8221;wave2&#8243; top_divider_color=&#8221;rgba(224,157,0,0)&#8221; top_divider_height=&#8221;60px&#8221; top_divider_flip=&#8221;horizontal&#8221; bottom_divider_style=&#8221;ramp2&#8243; bottom_divider_color=&#8221;RGBA(255,255,255,0)&#8221; bottom_divider_height=&#8221;37px&#8221; bottom_divider_repeat=&#8221;1x&#8221; background_last_edited=&#8221;off|desktop&#8221; background_color_gradient_end_position_phone=&#8221;0%&#8221; background_enable_image_phone=&#8221;off&#8221; parallax_tablet=&#8221;on&#8221; global_colors_info=&#8221;{}&#8221; background__hover_enabled=&#8221;off|desktop&#8221;][et_pb_row _builder_version=&#8221;4.27.4&#8243; _module_preset=&#8221;default&#8221; global_colors_info=&#8221;{}&#8221;][et_pb_column type=&#8221;4_4&#8243; _builder_version=&#8221;4.27.4&#8243; _module_preset=&#8221;default&#8221; global_colors_info=&#8221;{}&#8221;][et_pb_text _builder_version=&#8221;4.27.4&#8243; _module_preset=&#8221;default&#8221; text_font=&#8221;&#8211;et_global_heading_font||||||||&#8221; text_text_color=&#8221;#ffffff&#8221; text_font_size=&#8221;20px&#8221; hover_enabled=&#8221;0&#8243; global_colors_info=&#8221;{}&#8221; sticky_enabled=&#8221;0&#8243;]<\/p>\n<p>\u2764 Valentin-napon a szerelem j\u00e1t\u00e9k \u00e9s nyerem\u00e9nyek a Plaza M-ben.<\/p>\n<p>Febru\u00e1r 14-\u00e9n v\u00e1runk minden p\u00e1rt a Love Games-en, egy energi\u00e1val, sz\u00f3rakoz\u00e1ssal \u00e9s sz\u00f3rakoztat\u00f3 kih\u00edv\u00e1sokkal teli esem\u00e9nyen, amely romantikus aj\u00e1nd\u00e9kot hozhat: 1 x nyaral\u00e1s P\u00e1rizsban.<\/p>\n<p>&nbsp;<\/p>\n<p><strong>Hogyan juthatsz be a j\u00e1t\u00e9kba:<\/strong><\/p>\n<ul>\n<li>gyere el a partnereddel febru\u00e1r 14-\u00e9n a Plaza M-ben.<\/li>\n<li>legal\u00e1bb 50 font \u00e9rt\u00e9k\u0171 \u00fczlet a Plaza M \u00fczletekben<\/li>\n<li>regisztr\u00e1lj \u00e9s vegy\u00e9l r\u00e9szt a Love Games-en (az esem\u00e9nyre az \u00e9tteremben ker\u00fcl sor).<\/li>\n<li>bizony\u00edts\u00e1tok, hogy ti vagytok a leggyorsabb csapat<\/li>\n<\/ul>\n<p>&nbsp;<\/p>\n<p><strong>P\u00e1ros j\u00e1t\u00e9kok<\/strong> (a p\u00e1ros mindk\u00e9t tagja a 4 j\u00e1t\u00e9kb\u00f3l 2-t j\u00e1tszik egym\u00e1s ut\u00e1n):<\/p>\n<ul>\n<li>minigolf<\/li>\n<li>bowling<\/li>\n<li>gy\u0171r\u0171dob\u00e1s<\/li>\n<li>kukorica lyuk<\/li>\n<\/ul>\n<p>&nbsp;<\/p>\n<p><strong>Mit nyerhetsz:<\/strong><\/p>\n<ul>\n<li>f\u0151d\u00edj: 1 x romantikus nyaral\u00e1s k\u00e9t f\u0151 r\u00e9sz\u00e9re P\u00e1rizsban, 1.000 EURO \u00e9rt\u00e9kben.<\/li>\n<li>2. hely: 200 RON \u00e9rt\u00e9k\u0171 meglepet\u00e9s nyerem\u00e9nyek<\/li>\n<li>3. hely: 100 lej \u00e9rt\u00e9k\u0171 meglepet\u00e9s nyerem\u00e9ny<\/li>\n<\/ul>\n<p>&nbsp;<\/p>\n<p>A kicsiknek 13:00-18:00 k\u00f6z\u00f6tt sz\u00f3rakoztat\u00f3 \u00e9s tematikus workshopokat is szervez\u00fcnk.<\/p>\n<p>&nbsp;<\/p>\n<p>\u2764 Tal\u00e1lkozunk a Love Games-en febru\u00e1r 14-\u00e9n, szombaton 13:00 \u00e9s 19:00 k\u00f6z\u00f6tt a Plaza M \u00e9tterem ter\u00fclet\u00e9n.<\/p>\n<p>&nbsp;<\/p>\n<p>Teljes szab\u00e1lyoz\u00e1s <a href=\"https:\/\/plazam.ro\/wp-content\/uploads\/2026\/02\/Plaza-M_Regulament-Jocurile-iubirii-Plaza-M_14-februarie-2026-FIN.pdf\" target=\"_blank\" rel=\"noopener\">itt<\/a>.<\/p>\n<p>[\/et_pb_text][et_pb_blurb _builder_version=&#8221;4.27.4&#8243; _module_preset=&#8221;default&#8221; global_colors_info=&#8221;{}&#8221;][\/et_pb_blurb][\/et_pb_column][\/et_pb_row][\/et_pb_section]<\/p>","protected":false},"excerpt":{"rendered":"<p><div class=\"et_pb_module revslider_divi revslider_divi_0\">\n\t\t\t\t\n\t\t\t\t\n\t\t\t\t\n\t\t\t\t\n\t\t\t\t\n\t\t\t\t\n\t\t\t\t<div class=\"et_pb_module_inner\">\n\t\t\t\t\t\n\t\t\t<!-- START Valentines day REVOLUTION SLIDER 6.6.15 --><p class=\"rs-p-wp-fix\"><\/p>\n\t\t\t<rs-module-wrap id=\"rev_slider_94_1_wrapper\" data-source=\"gallery\" style=\"visibility:hidden;background:transparent;padding:0;margin:0px auto;margin-top:0;margin-bottom:0;\">\n\t\t\t\t<rs-module id=\"rev_slider_94_1\" style=\"\" data-version=\"6.6.15\">\n\t\t\t\t\t<rs-slides style=\"overflow: hidden; position: absolute;\">\n\t\t\t\t\t\t<rs-slide style=\"position: absolute;\" data-key=\"rs-449\" data-title=\"Slide\" data-anim=\"adpr:false;\" data-in=\"o:0;\" data-out=\"a:false;\">\n\t\t\t\t\t\t\t<img decoding=\"async\" src=\"\/\/plazam.ro\/wp-content\/plugins\/revslider\/public\/assets\/assets\/dummy.png\" alt=\"Slide\" class=\"rev-slidebg tp-rs-img rs-lazyload\" data-lazyload=\"\/\/plazam.ro\/wp-content\/plugins\/revslider\/public\/assets\/assets\/transparent.png\" data-no-retina>\n<!--\n\t\t\t\t\t\t\t--><rs-layer\n\t\t\t\t\t\t\t\tid=\"slider-94-slide-449-layer-0\" \n\t\t\t\t\t\t\t\tdata-type=\"image\"\n\t\t\t\t\t\t\t\tdata-rsp_ch=\"on\"\n\t\t\t\t\t\t\t\tdata-xy=\"x:c;xo:0,0,0,1px;y:m;yo:-21px,0,0,0;\"\n\t\t\t\t\t\t\t\tdata-text=\"w:normal;s:20,10,7,4;l:0,13,9,6;\"\n\t\t\t\t\t\t\t\tdata-dim=\"w:2150px,2240px,778px,480px;h:1008px,1675px,365px,854px;\"\n\t\t\t\t\t\t\t\tdata-vbility=\"t,f,f,f\"\n\t\t\t\t\t\t\t\tdata-frame_999=\"o:0;st:w;\"\n\t\t\t\t\t\t\t\tstyle=\"z-index:6;\"\n\t\t\t\t\t\t\t><img decoding=\"async\" src=\"\/\/plazam.ro\/wp-content\/plugins\/revslider\/public\/assets\/assets\/dummy.png\" alt=\"\" class=\"tp-rs-img rs-lazyload\" width=\"1920\" height=\"900\" data-lazyload=\"\/\/plazam.ro\/wp-content\/uploads\/2026\/02\/plazaM-valentinnap-1920x900-260202.jpg\" data-no-retina> \n\t\t\t\t\t\t\t<\/rs-layer><!--\n\n\t\t\t\t\t\t\t--><rs-layer\n\t\t\t\t\t\t\t\tid=\"slider-94-slide-449-layer-1\" \n\t\t\t\t\t\t\t\tdata-type=\"text\"\n\t\t\t\t\t\t\t\tdata-rsp_ch=\"on\"\n\t\t\t\t\t\t\t\tdata-xy=\"x:r,r,c,c;xo:47px,15px,0,-1px;y:t,t,m,m;yo:223px,303px,-282px,-142px;\"\n\t\t\t\t\t\t\t\tdata-text=\"w:normal;s:80,42,35,23;l:88,44,40,30;ls:-2px,-1px,0px,0px;fw:700,600,700,700;a:right,right,center,center;\"\n\t\t\t\t\t\t\t\tdata-frame_0=\"x:0,0,0,0px;y:0,0,0,0px;\"\n\t\t\t\t\t\t\t\tdata-frame_1=\"x:0,0,0,0px;y:0,0,0,0px;\"\n\t\t\t\t\t\t\t\tdata-frame_999=\"o:0;st:w;\"\n\t\t\t\t\t\t\t\tstyle=\"z-index:12;font-family:'Montserrat';text-transform:uppercase;\"\n\t\t\t\t\t\t\t>SZERELMI J\u00c1T\u00c9KOK A PLAZA M-EN<br \/>\nfebru\u00e1r 14. 2026 \n\t\t\t\t\t\t\t<\/rs-layer><!--\n\n\t\t\t\t\t\t\t--><rs-layer\n\t\t\t\t\t\t\t\tid=\"slider-94-slide-449-layer-2\" \n\t\t\t\t\t\t\t\tdata-type=\"image\"\n\t\t\t\t\t\t\t\tdata-rsp_ch=\"on\"\n\t\t\t\t\t\t\t\tdata-xy=\"x:l,c,c,c;xo:50px,7px,-3px,0;y:t,m,m,m;yo:50px,-2px,76px,-1px;\"\n\t\t\t\t\t\t\t\tdata-text=\"w:normal;s:20,10,7,4;l:0,13,9,6;\"\n\t\t\t\t\t\t\t\tdata-dim=\"w:300px,1036px,121px,600px;h:212px,774px,90px,974px;\"\n\t\t\t\t\t\t\t\tdata-vbility=\"f,t,f,f\"\n\t\t\t\t\t\t\t\tdata-frame_999=\"o:0;st:w;\"\n\t\t\t\t\t\t\t\tstyle=\"z-index:8;\"\n\t\t\t\t\t\t\t><img decoding=\"async\" src=\"\/\/plazam.ro\/wp-content\/plugins\/revslider\/public\/assets\/assets\/dummy.png\" alt=\"\" class=\"tp-rs-img rs-lazyload\" width=\"1090\" height=\"770\" data-lazyload=\"\/\/plazam.ro\/wp-content\/uploads\/2026\/02\/plazaM-valentinnap-1030x770-260202.jpg\" data-no-retina> \n\t\t\t\t\t\t\t<\/rs-layer><!--\n\n\t\t\t\t\t\t\t--><rs-layer\n\t\t\t\t\t\t\t\tid=\"slider-94-slide-449-layer-3\" \n\t\t\t\t\t\t\t\tclass=\"rev-scroll-btn rev-b-span-light\"\n\t\t\t\t\t\t\t\tdata-type=\"button\"\n\t\t\t\t\t\t\t\tdata-xy=\"x:r,c,c,c;xo:196px,0,0,0;yo:570px,497px,372px,389px;\"\n\t\t\t\t\t\t\t\tdata-text=\"w:normal;s:17,17,17,14;l:20,20,20,16;ls:1;\"\n\t\t\t\t\t\t\t\tdata-dim=\"w:35px,auto,auto,auto;h:55px,55px,55px,44px;minw:35px,none,none,none;minh:55px,none,none,none;\"\n\t\t\t\t\t\t\t\tdata-actions='id:paste;o:click;a:scrollto;sp:1000ms;e:power1.inOut;'\n\t\t\t\t\t\t\t\tdata-rsp_o=\"off\"\n\t\t\t\t\t\t\t\tdata-rsp_bd=\"off\"\n\t\t\t\t\t\t\t\tdata-padding=\"t:22,22,22,18;r:14,14,14,11;b:22,22,22,18;l:14,14,14,11;\"\n\t\t\t\t\t\t\t\tdata-border=\"bos:solid;boc:#ffffff;bow:3px,3px,3px,3px;bor:23px,23px,23px,23px;\"\n\t\t\t\t\t\t\t\tdata-frame_0=\"x:0,0,0,0px;y:0,0,0,0px;\"\n\t\t\t\t\t\t\t\tdata-frame_1=\"x:0,0,0,0px;y:0,0,0,0px;\"\n\t\t\t\t\t\t\t\tdata-frame_999=\"o:0;st:w;\"\n\t\t\t\t\t\t\t\tstyle=\"z-index:14;font-family:'Roboto';text-transform:uppercase;\"\n\t\t\t\t\t\t\t><span><\/span><span><\/span><span><\/span> \n\t\t\t\t\t\t\t<\/rs-layer><!--\n\n\t\t\t\t\t\t\t--><rs-layer\n\t\t\t\t\t\t\t\tid=\"slider-94-slide-449-layer-8\" \n\t\t\t\t\t\t\t\tdata-type=\"text\"\n\t\t\t\t\t\t\t\tdata-rsp_ch=\"on\"\n\t\t\t\t\t\t\t\tdata-xy=\"x:r,r,c,c;xo:48px,14px,2px,0;y:t,t,t,m;yo:492px,427px,297px,-75px;\"\n\t\t\t\t\t\t\t\tdata-text=\"w:normal;s:50,35,37,21;l:45,42,32,27;fw:500,500,600,600;a:right,right,center,center;\"\n\t\t\t\t\t\t\t\tdata-frame_999=\"o:0;st:w;\"\n\t\t\t\t\t\t\t\tstyle=\"z-index:10;font-family:'Montserrat';text-transform:uppercase;\"\n\t\t\t\t\t\t\t>13:00 - 19:00 \n\t\t\t\t\t\t\t<\/rs-layer><!--\n\n\t\t\t\t\t\t\t--><rs-layer\n\t\t\t\t\t\t\t\tid=\"slider-94-slide-449-layer-9\" \n\t\t\t\t\t\t\t\tdata-type=\"image\"\n\t\t\t\t\t\t\t\tdata-rsp_ch=\"on\"\n\t\t\t\t\t\t\t\tdata-xy=\"x:l,l,c,c;xo:50px,26px,0,0;y:t,t,m,m;yo:50px,26px,-3px,-1px;\"\n\t\t\t\t\t\t\t\tdata-text=\"w:normal;s:20,10,7,4;l:0,13,9,6;\"\n\t\t\t\t\t\t\t\tdata-dim=\"w:300px,160px,792px,778px;h:370px,192px,977px,960px;\"\n\t\t\t\t\t\t\t\tdata-vbility=\"f,f,t,f\"\n\t\t\t\t\t\t\t\tdata-frame_999=\"o:0;st:w;\"\n\t\t\t\t\t\t\t\tstyle=\"z-index:9;\"\n\t\t\t\t\t\t\t><img decoding=\"async\" src=\"\/\/plazam.ro\/wp-content\/plugins\/revslider\/public\/assets\/assets\/dummy.png\" alt=\"\" class=\"tp-rs-img rs-lazyload\" width=\"778\" height=\"960\" data-lazyload=\"\/\/plazam.ro\/wp-content\/uploads\/2026\/02\/plazaM-valentinnap-778x960-260202.jpg\" data-no-retina> \n\t\t\t\t\t\t\t<\/rs-layer><!--\n\n\t\t\t\t\t\t\t--><rs-layer\n\t\t\t\t\t\t\t\tid=\"slider-94-slide-449-layer-12\" \n\t\t\t\t\t\t\t\tdata-type=\"image\"\n\t\t\t\t\t\t\t\tdata-rsp_ch=\"on\"\n\t\t\t\t\t\t\t\tdata-xy=\"x:l,l,l,c;xo:50px,26px,-3px,0;y:t,t,t,m;yo:50px,26px,76px,-3px;\"\n\t\t\t\t\t\t\t\tdata-text=\"w:normal;s:20,10,7,4;l:0,13,9,6;\"\n\t\t\t\t\t\t\t\tdata-dim=\"w:300px,160px,121px,756px;h:370px,260px,196px,933px;\"\n\t\t\t\t\t\t\t\tdata-vbility=\"f,f,f,t\"\n\t\t\t\t\t\t\t\tdata-frame_999=\"o:0;st:w;\"\n\t\t\t\t\t\t\t\tstyle=\"z-index:7;\"\n\t\t\t\t\t\t\t><img decoding=\"async\" src=\"\/\/plazam.ro\/wp-content\/plugins\/revslider\/public\/assets\/assets\/dummy.png\" alt=\"\" class=\"tp-rs-img rs-lazyload\" width=\"778\" height=\"960\" data-lazyload=\"\/\/plazam.ro\/wp-content\/uploads\/2026\/02\/plazaM-valentinnap-778x960-260202.jpg\" data-no-retina> \n\t\t\t\t\t\t\t<\/rs-layer><!--\n\n\t\t\t\t\t\t\t--><rs-layer\n\t\t\t\t\t\t\t\tid=\"slider-94-slide-449-layer-14\" \n\t\t\t\t\t\t\t\tdata-type=\"image\"\n\t\t\t\t\t\t\t\tdata-rsp_ch=\"on\"\n\t\t\t\t\t\t\t\tdata-xy=\"x:r,r,c,c;xo:48px,14px,0,0;y:m;yo:0,27px,-217px,-98px;\"\n\t\t\t\t\t\t\t\tdata-text=\"w:normal;s:20,10,7,4;l:0,13,9,6;\"\n\t\t\t\t\t\t\t\tdata-dim=\"h:60px,32px,29px,17px;\"\n\t\t\t\t\t\t\t\tdata-frame_999=\"o:0;st:w;\"\n\t\t\t\t\t\t\t\tstyle=\"z-index:13;\"\n\t\t\t\t\t\t\t><img decoding=\"async\" src=\"\/\/plazam.ro\/wp-content\/plugins\/revslider\/public\/assets\/assets\/dummy.png\" alt=\"\" class=\"tp-rs-img rs-lazyload\" width=\"741\" height=\"48\" data-lazyload=\"\/\/plazam.ro\/wp-content\/uploads\/revslider\/home-slider-11\/1-Vonal.png\" data-no-retina> \n\t\t\t\t\t\t\t<\/rs-layer><!--\n-->\t\t\t\t\t\t<\/rs-slide>\n\t\t\t\t\t<\/rs-slides>\n\t\t\t\t<\/rs-module>\n\t\t\t\t<script>\n\t\t\t\t\tsetREVStartSize({c: 'rev_slider_94_1',rl:[1240,1024,778,480],el:[900,768,960,854],gw:[1920,1024,778,480],gh:[900,768,960,854],type:'standard',justify:'',layout:'fullwidth',mh:\"0\"});if (window.RS_MODULES!==undefined && window.RS_MODULES.modules!==undefined && window.RS_MODULES.modules[\"revslider941\"]!==undefined) {window.RS_MODULES.modules[\"revslider941\"].once = false;window.revapi94 = undefined;if (window.RS_MODULES.checkMinimal!==undefined) window.RS_MODULES.checkMinimal()}\n\t\t\t\t<\/script>\n\t\t\t<\/rs-module-wrap>\n\t\t\t<!-- END REVOLUTION SLIDER -->\n\n\t\t\t\t<\/div>\n\t\t\t<\/div>\u2764 De Valentine\u2019s Day, iubirea se joac\u0103 \u0219i se premiaz\u0103 la Plaza M. Pe 14 februarie, a\u0219tept\u0103m toate cuplurile la jocurile iubirii, un eveniment plin de energie, distrac\u021bie \u0219i provoc\u0103ri simpatice care v\u0103 pot aduce un cadou romantic: 1 x vacan\u021b\u0103 \u00een Paris. &nbsp; Cum intra\u021bi \u00een joc: [&hellip;]<\/p>","protected":false},"author":7,"featured_media":0,"parent":0,"menu_order":0,"comment_status":"closed","ping_status":"closed","template":"","meta":{"_et_pb_use_builder":"on","_et_pb_old_content":"","_et_gb_content_width":"","footnotes":""},"class_list":["post-11125","page","type-page","status-publish","hentry"],"_links":{"self":[{"href":"https:\/\/plazam.ro\/hu\/wp-json\/wp\/v2\/pages\/11125","targetHints":{"allow":["GET"]}}],"collection":[{"href":"https:\/\/plazam.ro\/hu\/wp-json\/wp\/v2\/pages"}],"about":[{"href":"https:\/\/plazam.ro\/hu\/wp-json\/wp\/v2\/types\/page"}],"author":[{"embeddable":true,"href":"https:\/\/plazam.ro\/hu\/wp-json\/wp\/v2\/users\/7"}],"replies":[{"embeddable":true,"href":"https:\/\/plazam.ro\/hu\/wp-json\/wp\/v2\/comments?post=11125"}],"version-history":[{"count":6,"href":"https:\/\/plazam.ro\/hu\/wp-json\/wp\/v2\/pages\/11125\/revisions"}],"predecessor-version":[{"id":11135,"href":"https:\/\/plazam.ro\/hu\/wp-json\/wp\/v2\/pages\/11125\/revisions\/11135"}],"wp:attachment":[{"href":"https:\/\/plazam.ro\/hu\/wp-json\/wp\/v2\/media?parent=11125"}],"curies":[{"name":"wp","href":"https:\/\/api.w.org\/{rel}","templated":true}]}}