{"id":11160,"date":"2026-02-27T02:53:03","date_gmt":"2026-02-27T02:53:03","guid":{"rendered":"https:\/\/plazam.ro\/?page_id=11160"},"modified":"2026-02-27T15:00:44","modified_gmt":"2026-02-27T15:00:44","slug":"tombola-primavara","status":"publish","type":"page","link":"https:\/\/plazam.ro\/hu\/tombola-primavara\/","title":{"rendered":"A TAVASZ ST\u00cdLUSOSABB A PLAZA M-BEN"},"content":{"rendered":"<p>[et_pb_section fb_built=&#8221;1&#8243; custom_padding_last_edited=&#8221;on|desktop&#8221; _builder_version=&#8221;4.21.0&#8243; _module_preset=&#8221;default&#8221; custom_margin=&#8221;-28px||||false|false&#8221; custom_margin_tablet=&#8221;-28px||||false|false&#8221; custom_margin_phone=&#8221;-30px||||false|false&#8221; custom_margin_last_edited=&#8221;on|desktop&#8221; custom_padding=&#8221;0px||||false|false&#8221; custom_padding_tablet=&#8221;0px||||false|false&#8221; custom_padding_phone=&#8221;0px||||false|false&#8221; global_colors_info=&#8221;{}&#8221;][et_pb_row _builder_version=&#8221;4.21.0&#8243; _module_preset=&#8221;default&#8221; global_colors_info=&#8221;{}&#8221;][et_pb_column type=&#8221;4_4&#8243; _builder_version=&#8221;4.21.0&#8243; _module_preset=&#8221;default&#8221; global_colors_info=&#8221;{}&#8221;][revslider_divi revslider_divi=&#8221;%91rev_slider alias=%22martisor-1%22 slidertitle=%22Primavara e mai stylish%22%93%91\/rev_slider%93&#8243; _builder_version=&#8221;4.27.4&#8243; _module_preset=&#8221;default&#8221; global_colors_info=&#8221;{}&#8221;][\/revslider_divi][\/et_pb_column][\/et_pb_row][\/et_pb_section][et_pb_section fb_built=&#8221;1&#8243; custom_padding_last_edited=&#8221;on|desktop&#8221; _builder_version=&#8221;4.27.4&#8243; _module_preset=&#8221;default&#8221; background_color=&#8221;RGBA(255,255,255,0)&#8221; use_background_color_gradient=&#8221;on&#8221; background_color_gradient_direction=&#8221;90deg&#8221; background_color_gradient_stops=&#8221;#ffaec1 0%|#cc3d51 82%&#8221; background_enable_image=&#8221;off&#8221; background_size=&#8221;stretch&#8221; z_index=&#8221;29&#8243; custom_margin=&#8221;-81px||||false|false&#8221; custom_margin_tablet=&#8221;-80px||||false|false&#8221; custom_margin_phone=&#8221;-85px||||false|false&#8221; custom_margin_last_edited=&#8221;on|tablet&#8221; custom_padding=&#8221;0px||9px||false|false&#8221; custom_padding_tablet=&#8221;0px||9px||false|false&#8221; custom_padding_phone=&#8221;0px||9px||false|false&#8221; top_divider_style=&#8221;wave2&#8243; top_divider_color=&#8221;rgba(224,157,0,0)&#8221; top_divider_height=&#8221;60px&#8221; top_divider_flip=&#8221;horizontal&#8221; bottom_divider_style=&#8221;ramp2&#8243; bottom_divider_color=&#8221;RGBA(255,255,255,0)&#8221; bottom_divider_height=&#8221;37px&#8221; bottom_divider_repeat=&#8221;1x&#8221; background_last_edited=&#8221;off|desktop&#8221; background_color_gradient_end_position_phone=&#8221;0%&#8221; background_enable_image_phone=&#8221;off&#8221; parallax_tablet=&#8221;on&#8221; global_colors_info=&#8221;{}&#8221; background__hover_enabled=&#8221;off|desktop&#8221;][et_pb_row _builder_version=&#8221;4.27.4&#8243; _module_preset=&#8221;default&#8221; global_colors_info=&#8221;{}&#8221;][et_pb_column type=&#8221;4_4&#8243; _builder_version=&#8221;4.27.4&#8243; _module_preset=&#8221;default&#8221; global_colors_info=&#8221;{}&#8221;][et_pb_text _builder_version=&#8221;4.27.4&#8243; _module_preset=&#8221;default&#8221; text_font=&#8221;&#8211;et_global_heading_font||||||||&#8221; text_text_color=&#8221;#ffffff&#8221; text_font_size=&#8221;20px&#8221; hover_enabled=&#8221;0&#8243; global_colors_info=&#8221;{}&#8221; sticky_enabled=&#8221;0&#8243;]<\/p>\n<p>J\u00f6n a tavasz, j\u00f6n a tavasz, azzal a kegyelemmel, kifinomults\u00e1ggal \u00e9s \u00f6r\u00f6mmel, amit minden nap a Plaza M csal\u00e1dnak adsz.<\/p>\n<p>&nbsp;<\/p>\n<p>M\u00e1rcius 1. \u00e9s 8. k\u00f6z\u00f6tt arra invit\u00e1ljuk \u00d6nt, hogy minden v\u00e1s\u00e1rl\u00e1si pillanatot tegyen izgalmass\u00e1, meglepet\u00e9ss\u00e9, egy lehets\u00e9ges \u00f6r\u00f6m\u00f6t, amit mi k\u00fcld\u00fcnk \u00d6nnek. M\u00e1rcius 1. \u00e9s 8. k\u00f6z\u00f6tt minden legal\u00e1bb 100 RON \u00e9rt\u00e9k\u0171 v\u00e1s\u00e1rl\u00e1s egy k\u00fcl\u00f6nleges \u00e9lm\u00e9ny kezdet\u00e9v\u00e9 v\u00e1lhat, egy l\u00e9p\u00e9ssel k\u00f6zelebb ker\u00fclve egy gondosan kiv\u00e1lasztott nyerem\u00e9nyhez, amellyel a tavasz sz\u00e9ps\u00e9g\u00e9t \u00e9s kifinomults\u00e1g\u00e1t \u00fcnnepelhetj\u00fck.<\/p>\n<p>&nbsp;<\/p>\n<p><strong>\ud83e\udd70<\/strong><strong> HOGYAN VESZEL R\u00c9SZT?<\/strong><\/p>\n<ol>\n<li>J\u00f6jj\u00f6n el a Plaza M-re m\u00e1rcius 1. \u00e9s 8. k\u00f6z\u00f6tt, \u00e9s v\u00e1s\u00e1roljon a hivatalos szab\u00e1lyokban felsorolt \u00fczletekben.<\/li>\n<li>Regisztr\u00e1lja a min. 100 RON \u00e9rt\u00e9k\u0171 v\u00e1s\u00e1rl\u00e1si utalv\u00e1ny\u00e1t az \u00e9tteremben tal\u00e1lhat\u00f3 verseny totemn\u00e9l.<\/li>\n<li>K\u00f6vesse Instagram oldalunkat plazam_targumures<\/li>\n<\/ol>\n<p>&nbsp;<\/p>\n<p><strong>\ud83c\udf81<\/strong><strong> ST\u00cdLUSOS NYEREM\u00c9NYEK AZ \u00d6N SZ\u00c1M\u00c1RA<\/strong><\/p>\n<ul>\n<li>1 x RITA ORIGINI t\u00e1ska al\u00e1\u00edrva ONOCAN<\/li>\n<li>1 x 500 RON NAIL ART PROFESSIONALS kupon<\/li>\n<\/ul>\n<p>&nbsp;<\/p>\n<p><strong>\ud83d\udc9d<\/strong><strong> SORSOL\u00c1S \u00c9S D\u00cdJKIOSZT\u00c1S<\/strong><\/p>\n<ul>\n<li>a nyerteseket a random.org seg\u00edts\u00e9g\u00e9vel v\u00e1lasztjuk ki 2026. m\u00e1rcius 8-\u00e1n, 17:00 \u00f3r\u00e1t\u00f3l.<\/li>\n<li>a nyerem\u00e9nyeket a helysz\u00ednen osztj\u00e1k ki, \u00e9s a sorsol\u00e1son val\u00f3 r\u00e9szv\u00e9tel k\u00f6telez\u0151.<\/li>\n<li>a versenyre benevezett v\u00e1s\u00e1rl\u00e1si utalv\u00e1nyokat a v\u00e9gs\u0151 \u00e9rv\u00e9nyes\u00edt\u00e9sig meg kell \u0151rizni.<\/li>\n<\/ul>\n<p>&nbsp;<\/p>\n<p>Teljes k\u00f6r\u0171 r\u00e9szletek \u00e9s szab\u00e1lyok <a href=\"https:\/\/plazam.ro\/wp-content\/uploads\/2026\/02\/Plaza-M_Regulament-tombola-Primavara-ta-e-mai-stylish-1-8-martie-2026.pdf\" target=\"_blank\" rel=\"noopener\">ITT<\/a><\/p>\n<p>[\/et_pb_text][et_pb_blurb _builder_version=&#8221;4.27.4&#8243; _module_preset=&#8221;default&#8221; global_colors_info=&#8221;{}&#8221;][\/et_pb_blurb][\/et_pb_column][\/et_pb_row][\/et_pb_section]<\/p>","protected":false},"excerpt":{"rendered":"<p><div class=\"et_pb_module revslider_divi revslider_divi_0\">\n\t\t\t\t\n\t\t\t\t\n\t\t\t\t\n\t\t\t\t\n\t\t\t\t\n\t\t\t\t\n\t\t\t\t<div class=\"et_pb_module_inner\">\n\t\t\t\t\t\n\t\t\t<!-- START Primavara e mai stylish REVOLUTION SLIDER 6.6.15 --><p class=\"rs-p-wp-fix\"><\/p>\n\t\t\t<rs-module-wrap id=\"rev_slider_96_1_wrapper\" data-source=\"gallery\" style=\"visibility:hidden;background:transparent;padding:0;margin:0px auto;margin-top:0;margin-bottom:0;\">\n\t\t\t\t<rs-module id=\"rev_slider_96_1\" style=\"\" data-version=\"6.6.15\">\n\t\t\t\t\t<rs-slides style=\"overflow: hidden; position: absolute;\">\n\t\t\t\t\t\t<rs-slide style=\"position: absolute;\" data-key=\"rs-453\" data-title=\"Slide\" data-anim=\"adpr:false;\" data-in=\"o:0;\" data-out=\"a:false;\">\n\t\t\t\t\t\t\t<img decoding=\"async\" src=\"\/\/plazam.ro\/wp-content\/plugins\/revslider\/public\/assets\/assets\/dummy.png\" alt=\"Slide\" class=\"rev-slidebg tp-rs-img rs-lazyload\" data-lazyload=\"\/\/plazam.ro\/wp-content\/plugins\/revslider\/public\/assets\/assets\/transparent.png\" data-no-retina>\n<!--\n\t\t\t\t\t\t\t--><rs-layer\n\t\t\t\t\t\t\t\tid=\"slider-96-slide-453-layer-0\" \n\t\t\t\t\t\t\t\tdata-type=\"image\"\n\t\t\t\t\t\t\t\tdata-rsp_ch=\"on\"\n\t\t\t\t\t\t\t\tdata-xy=\"x:c;xo:0,0,0,1px;y:m;yo:-21px,0,0,0;\"\n\t\t\t\t\t\t\t\tdata-text=\"w:normal;s:20,10,7,4;l:0,13,9,6;\"\n\t\t\t\t\t\t\t\tdata-dim=\"w:2150px,2240px,778px,480px;h:1008px,1675px,365px,854px;\"\n\t\t\t\t\t\t\t\tdata-vbility=\"t,f,f,f\"\n\t\t\t\t\t\t\t\tdata-frame_999=\"o:0;st:w;\"\n\t\t\t\t\t\t\t\tstyle=\"z-index:6;\"\n\t\t\t\t\t\t\t><img decoding=\"async\" src=\"\/\/plazam.ro\/wp-content\/plugins\/revslider\/public\/assets\/assets\/dummy.png\" alt=\"\" class=\"tp-rs-img rs-lazyload\" width=\"1920\" height=\"900\" data-lazyload=\"\/\/plazam.ro\/wp-content\/uploads\/2026\/02\/plazaM-spring-giveaway-1920x900px-260224.jpg\" data-no-retina> \n\t\t\t\t\t\t\t<\/rs-layer><!--\n\n\t\t\t\t\t\t\t--><rs-layer\n\t\t\t\t\t\t\t\tid=\"slider-96-slide-453-layer-1\" \n\t\t\t\t\t\t\t\tdata-type=\"text\"\n\t\t\t\t\t\t\t\tdata-rsp_ch=\"on\"\n\t\t\t\t\t\t\t\tdata-xy=\"x:l,l,c,c;xo:31px,20px,0,-1px;y:t,t,m,m;yo:253px,263px,-302px,-152px;\"\n\t\t\t\t\t\t\t\tdata-text=\"w:normal;s:77,42,35,23;l:88,44,40,30;ls:-2px,-1px,0px,0px;fw:700,600,700,700;a:left,left,center,center;\"\n\t\t\t\t\t\t\t\tdata-frame_0=\"x:0,0,0,0px;y:0,0,0,0px;\"\n\t\t\t\t\t\t\t\tdata-frame_1=\"x:0,0,0,0px;y:0,0,0,0px;\"\n\t\t\t\t\t\t\t\tdata-frame_999=\"o:0;st:w;\"\n\t\t\t\t\t\t\t\tstyle=\"z-index:12;font-family:'Montserrat';text-transform:uppercase;\"\n\t\t\t\t\t\t\t>A TAVASZ T\u00d6BB<br \/>\nST\u00cdLUSOS LA PLAZA M  \n\t\t\t\t\t\t\t<\/rs-layer><!--\n\n\t\t\t\t\t\t\t--><rs-layer\n\t\t\t\t\t\t\t\tid=\"slider-96-slide-453-layer-2\" \n\t\t\t\t\t\t\t\tdata-type=\"image\"\n\t\t\t\t\t\t\t\tdata-rsp_ch=\"on\"\n\t\t\t\t\t\t\t\tdata-xy=\"x:l,c,c,c;xo:50px,7px,-3px,0;y:t,m,m,m;yo:50px,-2px,76px,-1px;\"\n\t\t\t\t\t\t\t\tdata-text=\"w:normal;s:20,10,7,4;l:0,13,9,6;\"\n\t\t\t\t\t\t\t\tdata-dim=\"w:300px,1036px,121px,600px;h:224px,774px,90px,974px;\"\n\t\t\t\t\t\t\t\tdata-vbility=\"f,t,f,f\"\n\t\t\t\t\t\t\t\tdata-frame_999=\"o:0;st:w;\"\n\t\t\t\t\t\t\t\tstyle=\"z-index:8;\"\n\t\t\t\t\t\t\t><img decoding=\"async\" src=\"\/\/plazam.ro\/wp-content\/plugins\/revslider\/public\/assets\/assets\/dummy.png\" alt=\"\" class=\"tp-rs-img rs-lazyload\" width=\"1030\" height=\"770\" data-lazyload=\"\/\/plazam.ro\/wp-content\/uploads\/2026\/02\/plazaM-spring-giveaway-1030x770px-260224.jpg\" data-no-retina> \n\t\t\t\t\t\t\t<\/rs-layer><!--\n\n\t\t\t\t\t\t\t--><rs-layer\n\t\t\t\t\t\t\t\tid=\"slider-96-slide-453-layer-3\" \n\t\t\t\t\t\t\t\tclass=\"rev-scroll-btn rev-b-span-light\"\n\t\t\t\t\t\t\t\tdata-type=\"button\"\n\t\t\t\t\t\t\t\tdata-xy=\"x:r,l,c,c;xo:196px,100px,0,0;yo:570px,467px,372px,389px;\"\n\t\t\t\t\t\t\t\tdata-text=\"w:normal;s:17,17,17,14;l:20,20,20,16;ls:1;\"\n\t\t\t\t\t\t\t\tdata-dim=\"w:35px,auto,auto,auto;h:55px,55px,55px,44px;minw:35px,none,none,none;minh:55px,none,none,none;\"\n\t\t\t\t\t\t\t\tdata-actions='id:paste;o:click;a:scrollto;sp:1000ms;e:power1.inOut;'\n\t\t\t\t\t\t\t\tdata-rsp_o=\"off\"\n\t\t\t\t\t\t\t\tdata-rsp_bd=\"off\"\n\t\t\t\t\t\t\t\tdata-padding=\"t:22,22,22,18;r:14,14,14,11;b:22,22,22,18;l:14,14,14,11;\"\n\t\t\t\t\t\t\t\tdata-border=\"bos:solid;boc:#ffffff;bow:3px,3px,3px,3px;bor:23px,23px,23px,23px;\"\n\t\t\t\t\t\t\t\tdata-frame_0=\"x:0,0,0,0px;y:0,0,0,0px;\"\n\t\t\t\t\t\t\t\tdata-frame_1=\"x:0,0,0,0px;y:0,0,0,0px;\"\n\t\t\t\t\t\t\t\tdata-frame_999=\"o:0;st:w;\"\n\t\t\t\t\t\t\t\tstyle=\"z-index:14;font-family:'Roboto';text-transform:uppercase;\"\n\t\t\t\t\t\t\t><span><\/span><span><\/span><span><\/span> \n\t\t\t\t\t\t\t<\/rs-layer><!--\n\n\t\t\t\t\t\t\t--><rs-layer\n\t\t\t\t\t\t\t\tid=\"slider-96-slide-453-layer-8\" \n\t\t\t\t\t\t\t\tdata-type=\"text\"\n\t\t\t\t\t\t\t\tdata-rsp_ch=\"on\"\n\t\t\t\t\t\t\t\tdata-xy=\"x:l,l,c,c;xo:31px,20px,2px,0;y:t,t,t,m;yo:516px,397px,297px,-75px;\"\n\t\t\t\t\t\t\t\tdata-text=\"w:normal;s:50,35,37,21;l:45,42,32,27;fw:500,500,600,600;a:right,right,center,center;\"\n\t\t\t\t\t\t\t\tdata-frame_999=\"o:0;st:w;\"\n\t\t\t\t\t\t\t\tstyle=\"z-index:10;font-family:'Montserrat';text-transform:uppercase;\"\n\t\t\t\t\t\t\t>m\u00e1rcius 1 - 8. \n\t\t\t\t\t\t\t<\/rs-layer><!--\n\n\t\t\t\t\t\t\t--><rs-layer\n\t\t\t\t\t\t\t\tid=\"slider-96-slide-453-layer-9\" \n\t\t\t\t\t\t\t\tdata-type=\"image\"\n\t\t\t\t\t\t\t\tdata-rsp_ch=\"on\"\n\t\t\t\t\t\t\t\tdata-xy=\"x:l,l,c,c;xo:50px,26px,0,0;y:t,t,m,m;yo:50px,26px,-3px,-1px;\"\n\t\t\t\t\t\t\t\tdata-text=\"w:normal;s:20,10,7,4;l:0,13,9,6;\"\n\t\t\t\t\t\t\t\tdata-dim=\"w:300px,160px,792px,778px;h:370px,192px,977px,960px;\"\n\t\t\t\t\t\t\t\tdata-vbility=\"f,f,t,f\"\n\t\t\t\t\t\t\t\tdata-frame_999=\"o:0;st:w;\"\n\t\t\t\t\t\t\t\tstyle=\"z-index:9;\"\n\t\t\t\t\t\t\t><img decoding=\"async\" src=\"\/\/plazam.ro\/wp-content\/plugins\/revslider\/public\/assets\/assets\/dummy.png\" alt=\"\" class=\"tp-rs-img rs-lazyload\" width=\"778\" height=\"960\" data-lazyload=\"\/\/plazam.ro\/wp-content\/uploads\/2026\/02\/plazaM-spring-giveaway-778x960px-260224.jpg\" data-no-retina> \n\t\t\t\t\t\t\t<\/rs-layer><!--\n\n\t\t\t\t\t\t\t--><rs-layer\n\t\t\t\t\t\t\t\tid=\"slider-96-slide-453-layer-12\" \n\t\t\t\t\t\t\t\tdata-type=\"image\"\n\t\t\t\t\t\t\t\tdata-rsp_ch=\"on\"\n\t\t\t\t\t\t\t\tdata-xy=\"x:l,l,l,c;xo:50px,26px,-3px,0;y:t,t,t,m;yo:50px,26px,76px,-3px;\"\n\t\t\t\t\t\t\t\tdata-text=\"w:normal;s:20,10,7,4;l:0,13,9,6;\"\n\t\t\t\t\t\t\t\tdata-dim=\"w:300px,160px,121px,756px;h:534px,260px,196px,933px;\"\n\t\t\t\t\t\t\t\tdata-vbility=\"f,f,f,t\"\n\t\t\t\t\t\t\t\tdata-frame_999=\"o:0;st:w;\"\n\t\t\t\t\t\t\t\tstyle=\"z-index:7;\"\n\t\t\t\t\t\t\t><img decoding=\"async\" src=\"\/\/plazam.ro\/wp-content\/plugins\/revslider\/public\/assets\/assets\/dummy.png\" alt=\"\" class=\"tp-rs-img rs-lazyload\" width=\"480\" height=\"854\" data-lazyload=\"\/\/plazam.ro\/wp-content\/uploads\/2026\/02\/plazaM-spring-giveaway-480x854px-260224.jpg\" data-no-retina> \n\t\t\t\t\t\t\t<\/rs-layer><!--\n\n\t\t\t\t\t\t\t--><rs-layer\n\t\t\t\t\t\t\t\tid=\"slider-96-slide-453-layer-14\" \n\t\t\t\t\t\t\t\tdata-type=\"image\"\n\t\t\t\t\t\t\t\tdata-rsp_ch=\"on\"\n\t\t\t\t\t\t\t\tdata-xy=\"x:l,l,c,c;xo:31px,20px,0,0;y:m;yo:21px,-13px,-217px,-98px;\"\n\t\t\t\t\t\t\t\tdata-text=\"w:normal;s:20,10,7,4;l:0,13,9,6;\"\n\t\t\t\t\t\t\t\tdata-dim=\"h:60px,32px,29px,17px;\"\n\t\t\t\t\t\t\t\tdata-frame_999=\"o:0;st:w;\"\n\t\t\t\t\t\t\t\tstyle=\"z-index:13;\"\n\t\t\t\t\t\t\t><img decoding=\"async\" src=\"\/\/plazam.ro\/wp-content\/plugins\/revslider\/public\/assets\/assets\/dummy.png\" alt=\"\" class=\"tp-rs-img rs-lazyload\" width=\"741\" height=\"48\" data-lazyload=\"\/\/plazam.ro\/wp-content\/uploads\/revslider\/home-slider-11\/1-Vonal.png\" data-no-retina> \n\t\t\t\t\t\t\t<\/rs-layer><!--\n-->\t\t\t\t\t\t<\/rs-slide>\n\t\t\t\t\t<\/rs-slides>\n\t\t\t\t<\/rs-module>\n\t\t\t\t<script>\n\t\t\t\t\tsetREVStartSize({c: 'rev_slider_96_1',rl:[1240,1024,778,480],el:[900,768,960,854],gw:[1920,1024,778,480],gh:[900,768,960,854],type:'standard',justify:'',layout:'fullwidth',mh:\"0\"});if (window.RS_MODULES!==undefined && window.RS_MODULES.modules!==undefined && window.RS_MODULES.modules[\"revslider961\"]!==undefined) {window.RS_MODULES.modules[\"revslider961\"].once = false;window.revapi96 = undefined;if (window.RS_MODULES.checkMinimal!==undefined) window.RS_MODULES.checkMinimal()}\n\t\t\t\t<\/script>\n\t\t\t<\/rs-module-wrap>\n\t\t\t<!-- END REVOLUTION SLIDER -->\n\n\t\t\t\t<\/div>\n\t\t\t<\/div>Vine, vine prim\u0103vara, cu gra\u021bie, rafinament \u0219i bucuria pe care voi o aduce\u021bi zi de zi \u00een familia Plaza M. &nbsp; \u00centre 1 \u0219i 8 martie v\u0103 invit\u0103m s\u0103 transform\u0103m fiecare moment petrecut la cump\u0103r\u0103turi \u00eentr-o emo\u021bie, \u00eentr-o surpriz\u0103, \u00eentr-o posibil\u0103 bucurie din partea noastr\u0103 pentru [&hellip;]<\/p>","protected":false},"author":7,"featured_media":0,"parent":0,"menu_order":0,"comment_status":"closed","ping_status":"closed","template":"","meta":{"_et_pb_use_builder":"on","_et_pb_old_content":"","_et_gb_content_width":"","footnotes":""},"class_list":["post-11160","page","type-page","status-publish","hentry"],"_links":{"self":[{"href":"https:\/\/plazam.ro\/hu\/wp-json\/wp\/v2\/pages\/11160","targetHints":{"allow":["GET"]}}],"collection":[{"href":"https:\/\/plazam.ro\/hu\/wp-json\/wp\/v2\/pages"}],"about":[{"href":"https:\/\/plazam.ro\/hu\/wp-json\/wp\/v2\/types\/page"}],"author":[{"embeddable":true,"href":"https:\/\/plazam.ro\/hu\/wp-json\/wp\/v2\/users\/7"}],"replies":[{"embeddable":true,"href":"https:\/\/plazam.ro\/hu\/wp-json\/wp\/v2\/comments?post=11160"}],"version-history":[{"count":4,"href":"https:\/\/plazam.ro\/hu\/wp-json\/wp\/v2\/pages\/11160\/revisions"}],"predecessor-version":[{"id":11170,"href":"https:\/\/plazam.ro\/hu\/wp-json\/wp\/v2\/pages\/11160\/revisions\/11170"}],"wp:attachment":[{"href":"https:\/\/plazam.ro\/hu\/wp-json\/wp\/v2\/media?parent=11160"}],"curies":[{"name":"wp","href":"https:\/\/api.w.org\/{rel}","templated":true}]}}