{"id":7805,"date":"2025-03-18T21:14:25","date_gmt":"2025-03-18T21:14:25","guid":{"rendered":"https:\/\/plazam.ro\/?page_id=7805"},"modified":"2025-04-14T11:14:39","modified_gmt":"2025-04-14T11:14:39","slug":"concurspaste","status":"publish","type":"page","link":"https:\/\/plazam.ro\/hu\/concurspaste\/","title":{"rendered":"H\u00fasv\u00e9ti verseny"},"content":{"rendered":"<p>[et_pb_section fb_built=&#8221;1&#8243; custom_padding_last_edited=&#8221;on|desktop&#8221; _builder_version=&#8221;4.21.0&#8243; _module_preset=&#8221;default&#8221; custom_margin=&#8221;-28px||||false|false&#8221; custom_margin_tablet=&#8221;-28px||||false|false&#8221; custom_margin_phone=&#8221;-30px||||false|false&#8221; custom_margin_last_edited=&#8221;on|desktop&#8221; custom_padding=&#8221;0px||||false|false&#8221; custom_padding_tablet=&#8221;0px||||false|false&#8221; custom_padding_phone=&#8221;0px||||false|false&#8221; global_colors_info=&#8221;{}&#8221;][et_pb_row _builder_version=&#8221;4.21.0&#8243; _module_preset=&#8221;default&#8221; global_colors_info=&#8221;{}&#8221;][et_pb_column type=&#8221;4_4&#8243; _builder_version=&#8221;4.21.0&#8243; _module_preset=&#8221;default&#8221; global_colors_info=&#8221;{}&#8221;][revslider_divi revslider_divi=&#8221;%91rev_slider alias=%22multumesc-mama-1%22 slidertitle=%22Concurs Paste%22%93%91\/rev_slider%93&#8243; _builder_version=&#8221;4.27.4&#8243; _module_preset=&#8221;default&#8221; global_colors_info=&#8221;{}&#8221;][\/revslider_divi][\/et_pb_column][\/et_pb_row][\/et_pb_section][et_pb_section fb_built=&#8221;1&#8243; custom_padding_last_edited=&#8221;on|desktop&#8221; _builder_version=&#8221;4.27.4&#8243; _module_preset=&#8221;default&#8221; background_image=&#8221;https:\/\/plazam.ro\/wp-content\/uploads\/2025\/03\/background-1.jpg&#8221; z_index=&#8221;29&#8243; custom_margin=&#8221;-81px||||false|false&#8221; custom_margin_tablet=&#8221;-80px||||false|false&#8221; custom_margin_phone=&#8221;-85px||||false|false&#8221; custom_margin_last_edited=&#8221;on|tablet&#8221; custom_padding=&#8221;0px||9px||false|false&#8221; custom_padding_tablet=&#8221;0px||9px||false|false&#8221; custom_padding_phone=&#8221;0px||9px||false|false&#8221; top_divider_style=&#8221;wave2&#8243; top_divider_color=&#8221;rgba(224,157,0,0)&#8221; top_divider_height=&#8221;60px&#8221; top_divider_flip=&#8221;horizontal&#8221; bottom_divider_style=&#8221;ramp2&#8243; bottom_divider_color=&#8221;RGBA(255,255,255,0)&#8221; bottom_divider_height=&#8221;37px&#8221; bottom_divider_repeat=&#8221;1x&#8221; background_last_edited=&#8221;off|desktop&#8221; background_color_gradient_end_position_phone=&#8221;0%&#8221; background_enable_image_phone=&#8221;off&#8221; parallax_tablet=&#8221;on&#8221; global_colors_info=&#8221;{}&#8221; background__hover_enabled=&#8221;off|desktop&#8221;][et_pb_row _builder_version=&#8221;4.27.4&#8243; _module_preset=&#8221;default&#8221; width=&#8221;65%&#8221; width_tablet=&#8221;80%&#8221; width_phone=&#8221;85%&#8221; width_last_edited=&#8221;on|desktop&#8221; max_width=&#8221;100%&#8221; custom_margin=&#8221;0px||40px||false|false&#8221; custom_margin_tablet=&#8221;||0px||false|false&#8221; custom_margin_phone=&#8221;&#8221; custom_margin_last_edited=&#8221;on|desktop&#8221; custom_padding=&#8221;0px||||false|false&#8221; global_colors_info=&#8221;{}&#8221;][et_pb_column type=&#8221;4_4&#8243; _builder_version=&#8221;4.16&#8243; _module_preset=&#8221;default&#8221; global_colors_info=&#8221;{}&#8221;][et_pb_text _builder_version=&#8221;4.27.4&#8243; _module_preset=&#8221;default&#8221; text_font=&#8221;Montserrat||||||||&#8221; text_text_color=&#8221;#ffffff&#8221; text_font_size=&#8221;40px&#8221; text_line_height=&#8221;1.4em&#8221; header_font=&#8221;Montserrat|||on|||||&#8221; header_text_color=&#8221;#FFFFFF&#8221; header_font_size=&#8221;76px&#8221; header_line_height=&#8221;1.3em&#8221; header_2_font=&#8221;Montserrat||||||||&#8221; header_2_text_color=&#8221;#f09d0d&#8221; header_2_font_size=&#8221;40px&#8221; header_2_line_height=&#8221;1.5em&#8221; header_3_font=&#8221;Montserrat||||||||&#8221; header_3_text_color=&#8221;#ffffe2&#8243; header_3_font_size=&#8221;16px&#8221; header_3_line_height=&#8221;3em&#8221; header_4_font=&#8221;Montserrat||||||||&#8221; header_4_text_color=&#8221;#FFFFFF&#8221; header_4_font_size=&#8221;25px&#8221; header_4_line_height=&#8221;1.4em&#8221; header_5_font=&#8221;Gotham bold||||||||&#8221; header_5_font_size=&#8221;25px&#8221; header_5_line_height=&#8221;1.4em&#8221; header_6_font=&#8221;Gotham bold||||||||&#8221; header_6_font_size=&#8221;20px&#8221; header_6_line_height=&#8221;1.4em&#8221; custom_margin_tablet=&#8221;&#8221; custom_margin_phone=&#8221;&#8221; custom_margin_last_edited=&#8221;on|desktop&#8221; custom_padding=&#8221;100px||||false|false&#8221; custom_padding_tablet=&#8221;100px||||false|false&#8221; custom_padding_phone=&#8221;100px|||10px|false|false&#8221; custom_padding_last_edited=&#8221;on|desktop&#8221; text_font_size_tablet=&#8221;40px&#8221; text_font_size_phone=&#8221;34px&#8221; text_font_size_last_edited=&#8221;on|tablet&#8221; header_font_size_tablet=&#8221;76px&#8221; header_font_size_phone=&#8221;30px&#8221; header_font_size_last_edited=&#8221;on|phone&#8221; header_4_font_size_tablet=&#8221;23px&#8221; header_4_font_size_phone=&#8221;20px&#8221; header_4_font_size_last_edited=&#8221;on|desktop&#8221; text_text_shadow_style=&#8221;preset3&#8243; text_text_shadow_horizontal_length=&#8221;-0.09em&#8221; text_text_shadow_vertical_length=&#8221;-0.17em&#8221; text_text_shadow_blur_strength=&#8221;0.42em&#8221; text_text_shadow_color=&#8221;#8e603d&#8221; header_text_shadow_style=&#8221;preset3&#8243; header_text_shadow_blur_strength=&#8221;0.55em&#8221; header_text_shadow_color=&#8221;#7c3417&#8243; global_colors_info=&#8221;{}&#8221;]<\/p>\n<p style=\"text-align: center;\"><strong>\ud83d\udc07A h\u00fasv\u00e9ti nyuszi st\u00edlusos nyerem\u00e9nyeket hoz a Plaza M-be!\ud83d\udc07<\/strong><\/p>\n<h4><\/h4>\n<h4><span data-teams=\"true\">\ud83d\udc30Vegy\u00e9l r\u00e9szt a m\u00e1rcius 19. \u00e9s 2025. \u00e1prilis 13. k\u00f6z\u00f6tti h\u00fasv\u00e9ti versenyben, \u00e9s nyerj azonnali nyerem\u00e9nyeket vagy csal\u00e1di v\u00e1s\u00e1rl\u00e1si szekci\u00f3kat a Plaza M. st\u00edlustan\u00e1csad\u00f3j\u00e1val \ud83d\udc30.<\/span><\/h4>\n<p>[\/et_pb_text][\/et_pb_column][\/et_pb_row][et_pb_row custom_padding_last_edited=&#8221;on|desktop&#8221; _builder_version=&#8221;4.27.4&#8243; _module_preset=&#8221;default&#8221; width=&#8221;70%&#8221; width_tablet=&#8221;80%&#8221; width_phone=&#8221;85%&#8221; width_last_edited=&#8221;on|desktop&#8221; max_width=&#8221;100%&#8221; min_height=&#8221;44.4px&#8221; custom_margin=&#8221;0px||24px||false|false&#8221; custom_margin_tablet=&#8221;-85px||0px||false|false&#8221; custom_margin_phone=&#8221;&#8221; custom_margin_last_edited=&#8221;on|desktop&#8221; custom_padding=&#8221;0px|100px|||false|false&#8221; custom_padding_tablet=&#8221;|0px|||false|false&#8221; custom_padding_phone=&#8221;|10px||10px|false|false&#8221; global_colors_info=&#8221;{}&#8221;][et_pb_column type=&#8221;4_4&#8243; _builder_version=&#8221;4.16&#8243; _module_preset=&#8221;default&#8221; global_colors_info=&#8221;{}&#8221;][et_pb_text _builder_version=&#8221;4.27.4&#8243; _module_preset=&#8221;default&#8221; text_font=&#8221;Montserrat||||||||&#8221; text_text_color=&#8221;#FFFFFF&#8221; text_font_size=&#8221;19px&#8221; text_line_height=&#8221;1.3em&#8221; header_font=&#8221;Montserrat|||on|||||&#8221; header_text_color=&#8221;#FFFFFF&#8221; header_font_size=&#8221;76px&#8221; header_line_height=&#8221;1.3em&#8221; header_2_font=&#8221;Montserrat||||||||&#8221; header_2_text_color=&#8221;#f09d0d&#8221; header_2_font_size=&#8221;40px&#8221; header_2_line_height=&#8221;1.5em&#8221; header_3_font=&#8221;Montserrat||||||||&#8221; header_3_text_color=&#8221;#ffffe2&#8243; header_3_font_size=&#8221;16px&#8221; header_3_line_height=&#8221;3em&#8221; header_4_font=&#8221;Montserrat||||||||&#8221; header_4_text_color=&#8221;#FFFFFF&#8221; header_4_font_size=&#8221;22px&#8221; header_4_line_height=&#8221;1.4em&#8221; header_5_font=&#8221;Gotham bold||||||||&#8221; header_5_font_size=&#8221;25px&#8221; header_5_line_height=&#8221;1.4em&#8221; header_6_font=&#8221;Gotham bold||||||||&#8221; header_6_font_size=&#8221;20px&#8221; header_6_line_height=&#8221;1.4em&#8221; custom_margin=&#8221;0px||||false|false&#8221; custom_margin_tablet=&#8221;60px||0px||false|false&#8221; custom_margin_phone=&#8221;0px||||false|false&#8221; custom_margin_last_edited=&#8221;on|desktop&#8221; custom_padding=&#8221;25px||||false|false&#8221; custom_padding_tablet=&#8221;0px||||false|false&#8221; custom_padding_phone=&#8221;40px||||false|false&#8221; custom_padding_last_edited=&#8221;on|desktop&#8221; hover_enabled=&#8221;0&#8243; text_font_size_tablet=&#8221;19px&#8221; text_font_size_phone=&#8221;17px&#8221; text_font_size_last_edited=&#8221;on|desktop&#8221; header_font_size_tablet=&#8221;76px&#8221; header_font_size_phone=&#8221;30px&#8221; header_font_size_last_edited=&#8221;on|phone&#8221; header_4_font_size_tablet=&#8221;&#8221; header_4_font_size_phone=&#8221;&#8221; header_4_font_size_last_edited=&#8221;on|desktop&#8221; header_text_shadow_style=&#8221;preset3&#8243; header_text_shadow_blur_strength=&#8221;0.55em&#8221; header_text_shadow_color=&#8221;#7c3417&#8243; inline_fonts=&#8221;Abel&#8221; global_colors_info=&#8221;{}&#8221; sticky_enabled=&#8221;0&#8243;]<\/p>\n<p><strong>\u2754 Mit tegyen?<\/strong><\/p>\n<p>\ud83c\udf80 100 lejes vagy ann\u00e1l nagyobb \u00f6sszeg\u0171 v\u00e1s\u00e1rl\u00e1sok a Plaza M \u00fczletekben, amelyek a k\u00f6vetkez\u0151 list\u00e1n szerepelnek <a href=\"https:\/\/plazam.ro\/wp-content\/uploads\/2025\/03\/Plaza-M_Regulament-tombola-Paste_19.03-13.04.2025.pdf\" target=\"_blank\" rel=\"noopener\" title=\"H\u00fasv\u00e9ti tombola szab\u00e1lyok\">HIVATALOS SZAB\u00c1LYOK<\/a>;<\/p>\n<p>\ud83c\udf80 \u00cdrja meg az utalv\u00e1nyt saj\u00e1t maga <a href=\"https:\/\/plazam.ro\/hu\/tombola-registration\/\" target=\"_blank\" rel=\"noopener\" title=\"Jelentkez\u00e9si lap\">ITT<\/a> vagy foglaljon helyet a Plaza M prom\u00f3terein\u00e9l az inform\u00e1ci\u00f3s pultn\u00e1l (\u00e9ttermi r\u00e9sz), amely naponta, h\u00e9tf\u0151t\u0151l vas\u00e1rnapig, 13:00-19:00 \u00f3r\u00e1ig tart nyitva;<\/p>\n<p>\ud83c\udf80 Tartsa meg az utalv\u00e1nyt az \u00e9rv\u00e9nyes\u00edt\u00e9shez arra az esetre, ha a f\u0151d\u00edj nyertesei k\u00f6z\u00e9 ker\u00fclne;<\/p>\n<p>\ud83c\udf80 Adj be naponta t\u00f6bb utalv\u00e1nyt, hogy n\u00f6veld az es\u00e9lyeidet a f\u0151nyerem\u00e9ny sorsol\u00e1son;<\/p>\n<p>\ud83c\udf80 Egy szem\u00e9ly naponta csak egy azonnali nyerem\u00e9nyt nyerhet - t\u00f6bb utalv\u00e1ny bevitele nem garant\u00e1l t\u00f6bb azonnali nyerem\u00e9nyt, de n\u00f6veli az es\u00e9ly\u00e9t a f\u0151d\u00edjak megnyer\u00e9s\u00e9re.<\/p>\n<p>&nbsp;<\/p>\n<p>\ud83c\udf81 <strong>Azonnali nyerem\u00e9nyek<\/strong><\/p>\n<ul>\n<li>50 x napi 30 lej \u00e9rt\u00e9k\u0171 v\u00e1s\u00e1rl\u00e1si utalv\u00e1ny a kedvenc Plaza M \u00fczleteiben.<\/li>\n<\/ul>\n<p>&nbsp;<\/p>\n<p>\ud83c\udf81\ud83d\udc9d\ud83c\udf89 <strong>F\u0151bb d\u00edjak<\/strong><\/p>\n<ul>\n<li>4 x csal\u00e1di v\u00e1s\u00e1rl\u00e1s a st\u00edlustan\u00e1csad\u00f3val <a href=\"https:\/\/www.instagram.com\/blandiana.consultantdestil\/\" target=\"_blank\" rel=\"noopener\">Blandiana - St\u00edlustan\u00e1csad\u00f3<\/a><\/li>\n<\/ul>\n<p><strong><\/strong><\/p>\n<p>Csatlakozz \u00e9s \u00e9lvezd az \u00fcnnepeket st\u00edlusosan!<\/p>\n<p><strong><\/strong><\/p>\n<p>\ud83d\uddd3\ufe0f Kamp\u00e1nyid\u0151szak<strong>: <\/strong>m\u00e1rcius 19. - \u00e1prilis 13. 2025<\/p>\n<p><strong><\/strong><\/p>\n<p>\ud83d\udcc3 Teljes szab\u00e1lyok <strong><a href=\"https:\/\/plazam.ro\/wp-content\/uploads\/2025\/03\/Plaza-M_Regulament-tombola-Paste_19.03-13.04.2025.pdf\" target=\"_blank\" rel=\"noopener\" title=\"H\u00fasv\u00e9ti tombola szab\u00e1lyok\">ITT<\/a>.<\/strong><\/p>\n<p><strong><\/strong><\/p>\n<p><strong>F\u0151d\u00edjasok:<\/strong><\/p>\n<p>\ud83c\udf81 1. h\u00e9t (2025. m\u00e1rcius 19-23.): Andrei Hadarag<\/p>\n<p>\ud83c\udf81 2. h\u00e9t (2025. m\u00e1rcius 24-30.): Diana Ruta<\/p>\n<p>\ud83c\udf81 3. h\u00e9t (m\u00e1rcius 31. - 2025. \u00e1prilis 6.): Alexandru Dicui (meg nem er\u0151s\u00edtett) \/ Marcel Grama (tartal\u00e9k 1)<\/p>\n<p>\ud83c\udf81 4. h\u00e9t (2025. \u00e1prilis 7. - \u00e1prilis 13.): Camelia Sanda Rus<\/p>\n<p>[\/et_pb_text][\/et_pb_column][\/et_pb_row][\/et_pb_section][\/et_pb_section]<\/p>","protected":false},"excerpt":{"rendered":"<p><div class=\"et_pb_module revslider_divi revslider_divi_0\">\n\t\t\t\t\n\t\t\t\t\n\t\t\t\t\n\t\t\t\t\n\t\t\t\t\n\t\t\t\t\n\t\t\t\t<div class=\"et_pb_module_inner\">\n\t\t\t\t\t\n\t\t\t<!-- START Concurs Paste REVOLUTION SLIDER 6.6.15 --><p class=\"rs-p-wp-fix\"><\/p>\n\t\t\t<rs-module-wrap id=\"rev_slider_80_1_wrapper\" data-source=\"gallery\" style=\"visibility:hidden;background:transparent;padding:0;margin:0px auto;margin-top:0;margin-bottom:0;\">\n\t\t\t\t<rs-module id=\"rev_slider_80_1\" style=\"\" data-version=\"6.6.15\">\n\t\t\t\t\t<div class=\"rs_error_message_box\">\n\t\t\t\t\t\t<div class=\"rs_error_message_oops\">Itt nincs mit mutogatni!<\/div>\n\t\t\t\t\t\t<div class=\"rs_error_message_content\">Make sure to add slides to the slider<\/div>\n\t\t\t\t\t<\/div>\n\t\t\t\t<\/rs-module>\n\t\t\t<\/rs-module-wrap>\n\t\t\t<script>\n\t\t\t\tvar rs_eslider = document.getElementById(\"rev_slider_80_1\");\n\t\t\t\trs_eslider.style.display = \"none\";\n\t\t\t\tconsole.log(\"Make sure to add slides to the slider\");\n\t\t\t<\/script>\n\n\t\t\t\t<\/div>\n\t\t\t<\/div>\ud83d\udc07Iepura\u0219ul de Pa\u0219te aduce premii stilate la Plaza M!\ud83d\udc07 \ud83d\udc30Particip\u0103 la concursul de Pa\u0219te \u00een perioada 19 martie \u2013 13 aprilie 2025 \u0219i po\u021bi c\u00e2\u0219tiga premii instant sau sesiuni de cump\u0103r\u0103turi \u00een familie \u00een compania consultantului de stil Plaza M.\ud83d\udc30\u2754 Ce trebuie s\u0103 faci? \ud83c\udf80 Achizi\u021bii de minimum [&hellip;]<\/p>","protected":false},"author":7,"featured_media":0,"parent":0,"menu_order":0,"comment_status":"closed","ping_status":"closed","template":"","meta":{"_et_pb_use_builder":"on","_et_pb_old_content":"","_et_gb_content_width":"","footnotes":""},"class_list":["post-7805","page","type-page","status-publish","hentry"],"_links":{"self":[{"href":"https:\/\/plazam.ro\/hu\/wp-json\/wp\/v2\/pages\/7805","targetHints":{"allow":["GET"]}}],"collection":[{"href":"https:\/\/plazam.ro\/hu\/wp-json\/wp\/v2\/pages"}],"about":[{"href":"https:\/\/plazam.ro\/hu\/wp-json\/wp\/v2\/types\/page"}],"author":[{"embeddable":true,"href":"https:\/\/plazam.ro\/hu\/wp-json\/wp\/v2\/users\/7"}],"replies":[{"embeddable":true,"href":"https:\/\/plazam.ro\/hu\/wp-json\/wp\/v2\/comments?post=7805"}],"version-history":[{"count":12,"href":"https:\/\/plazam.ro\/hu\/wp-json\/wp\/v2\/pages\/7805\/revisions"}],"predecessor-version":[{"id":9327,"href":"https:\/\/plazam.ro\/hu\/wp-json\/wp\/v2\/pages\/7805\/revisions\/9327"}],"wp:attachment":[{"href":"https:\/\/plazam.ro\/hu\/wp-json\/wp\/v2\/media?parent=7805"}],"curies":[{"name":"wp","href":"https:\/\/api.w.org\/{rel}","templated":true}]}}